{"id":10,"date":"2007-05-02T17:32:51","date_gmt":"2007-05-02T15:32:51","guid":{"rendered":"http:\/\/aikido-bochum.de\/wp\/?page_id=10"},"modified":"2025-11-27T10:33:40","modified_gmt":"2025-11-27T09:33:40","slug":"training","status":"publish","type":"page","link":"https:\/\/www.aikido-bochum.de\/?page_id=10","title":{"rendered":"Zeiten und Preise"},"content":{"rendered":"\n<h2 class=\"wp-block-heading\">Trainingszeiten<\/h2>\n\n\n\n<figure class=\"wp-block-table\"><table><tbody><tr><td>Montag<\/td><td>19:00\u201320:30<\/td><td>Erwachsene<\/td><td>Georg Schrott<\/td><\/tr><tr><td>Dienstag<\/td><td>19:30\u201321:15<\/td><td>Erwachsene<\/td><td>Thorsten Markmann<\/td><\/tr><tr><td>Mittwoch<\/td><td>17:00\u201318:15<\/td><td>Kinder (8\u201312)<\/td><td>Gudrun Daub<\/td><\/tr><tr><td>Samstag<\/td><td>14:00\u201315:30<\/td><td>Jugendliche (12\u201318 Jahre)<\/td><td>Motomu Hanada<\/td><\/tr><\/tbody><\/table><\/figure>\n\n\n\n<p>W\u00e4hrend der Schulferien ist mit \u00c4nderungen zu rechnen. Insbesondere entf\u00e4llt in der Regel das Kindertraining.<\/p>\n\n\n\n<h2 class=\"wp-block-heading\">Monatsbeitr\u00e4ge<\/h2>\n\n\n\n<ul class=\"wp-block-list\">\n<li>Regul\u00e4re Mitgliedschaft: 40,00 \u20ac<\/li>\n\n\n\n<li>erm\u00e4\u00dfigte Mitgliedschaft: 30,00 \u20ac (f\u00fcr Azubis, Studierende, Geringverdienende)<\/li>\n\n\n\n<li>Jugendliche: 18,00 \u20ac<\/li>\n\n\n\n<li>Kinder: 15,00 \u20ac<\/li>\n<\/ul>\n\n\n\n<h2 class=\"wp-block-heading\"><strong>Schnupperangebot<\/strong><\/h2>\n\n\n\n<p>Wer Aikido erst einmal ausprobieren m\u00f6chte, sollte unser Schnupperangebot wahrnehmen. Aikido-Anf\u00e4nger\/innen k\u00f6nnen f\u00fcr 75,00 \u20ac (Kinder f\u00fcr 36 \u20ac) drei Monate trainieren, bevor sie \u00fcber eine Mitgliedschaft entscheiden.<\/p>\n\n\n\n<h2 class=\"wp-block-heading\"><strong>Gastbeitr\u00e4ge<br>\n<\/strong><\/h2>\n\n\n\n<p>Gast-Aikidoka zahlen 10,- \u20ac pro Einheit.<\/p>\n\n\n\n<hr class=\"wp-block-separator has-alpha-channel-opacity\"\/>\n\n\n\n<figure class=\"wp-block-image alignright\"><a href=\"https:\/\/www.aikido-bochum.de\/wp-content\/uploads\/2007\/05\/Anspannung-Entspannung.jpg\"><img loading=\"lazy\" decoding=\"async\" width=\"150\" height=\"150\" src=\"https:\/\/www.aikido-bochum.de\/wp-content\/uploads\/2007\/05\/Anspannung-Entspannung-150x150.jpg\" alt=\"\" class=\"wp-image-2074\" title=\"Anspannung Entspannung\"\/><\/a><\/figure>\n\n\n\n<p><br>\n<strong>&#8222;Aikido bietet viel mehr als Sport: auch die Kombination aus Anspannung und Entspannung \u2013 im Kopf und im K\u00f6rper.&#8220;<\/strong><\/p>\n\n\n\n<h2 class=\"wp-block-heading\"><\/h2>\n\n\n\n<hr class=\"wp-block-separator has-alpha-channel-opacity\"\/>\n\n\n\n<h2 class=\"wp-block-heading\"><\/h2>\n","protected":false},"excerpt":{"rendered":"<p>Trainingszeiten Montag 19:00\u201320:30 Erwachsene Georg Schrott Dienstag 19:30\u201321:15 Erwachsene Thorsten Markmann Mittwoch 17:00\u201318:15 Kinder (8\u201312) Gudrun Daub Samstag 14:00\u201315:30 Jugendliche (12\u201318 Jahre) Motomu Hanada W\u00e4hrend der Schulferien ist mit \u00c4nderungen zu rechnen. Insbesondere entf\u00e4llt in der Regel das Kindertraining. Monatsbeitr\u00e4ge Schnupperangebot Wer Aikido erst einmal ausprobieren m\u00f6chte, sollte unser Schnupperangebot wahrnehmen. Aikido-Anf\u00e4nger\/innen k\u00f6nnen f\u00fcr 75,00 [&hellip;]<\/p>\n","protected":false},"author":2,"featured_media":0,"parent":0,"menu_order":20,"comment_status":"closed","ping_status":"closed","template":"","meta":{"footnotes":""},"class_list":["post-10","page","type-page","status-publish","hentry"],"_links":{"self":[{"href":"https:\/\/www.aikido-bochum.de\/index.php?rest_route=\/wp\/v2\/pages\/10","targetHints":{"allow":["GET"]}}],"collection":[{"href":"https:\/\/www.aikido-bochum.de\/index.php?rest_route=\/wp\/v2\/pages"}],"about":[{"href":"https:\/\/www.aikido-bochum.de\/index.php?rest_route=\/wp\/v2\/types\/page"}],"author":[{"embeddable":true,"href":"https:\/\/www.aikido-bochum.de\/index.php?rest_route=\/wp\/v2\/users\/2"}],"replies":[{"embeddable":true,"href":"https:\/\/www.aikido-bochum.de\/index.php?rest_route=%2Fwp%2Fv2%2Fcomments&post=10"}],"version-history":[{"count":82,"href":"https:\/\/www.aikido-bochum.de\/index.php?rest_route=\/wp\/v2\/pages\/10\/revisions"}],"predecessor-version":[{"id":5210,"href":"https:\/\/www.aikido-bochum.de\/index.php?rest_route=\/wp\/v2\/pages\/10\/revisions\/5210"}],"wp:attachment":[{"href":"https:\/\/www.aikido-bochum.de\/index.php?rest_route=%2Fwp%2Fv2%2Fmedia&parent=10"}],"curies":[{"name":"wp","href":"https:\/\/api.w.org\/{rel}","templated":true}]}}