{"id":1729,"date":"2012-01-13T16:56:30","date_gmt":"2012-01-13T14:56:30","guid":{"rendered":"http:\/\/www.aikido-bochum.de\/?page_id=1729"},"modified":"2018-09-03T20:02:58","modified_gmt":"2018-09-03T18:02:58","slug":"videos-2","status":"publish","type":"page","link":"https:\/\/www.aikido-bochum.de\/?page_id=1729","title":{"rendered":"Videos"},"content":{"rendered":"<div id=\"watch-headline-title\">\n<p class=\"yt watch-title-container\"><span id=\"eow-title\" class=\"watch-title \" dir=\"ltr\" title=\"KANGEIKO \u2013 Aikido-Wintertraining 2015 im Kloster Damme\">KANGEIKO \u2013 Aikido-Wintertraining 2015 im Kloster Damme<\/span><\/p>\n<\/div>\n<p><iframe loading=\"lazy\" title=\"KANGEIKO \u2013 Aikido-Wintertraining 2015 im Kloster Damme\" width=\"500\" height=\"281\" src=\"https:\/\/www.youtube.com\/embed\/nTjGRYPC8SI?feature=oembed\" frameborder=\"0\" allow=\"accelerometer; autoplay; clipboard-write; encrypted-media; gyroscope; picture-in-picture; web-share\" referrerpolicy=\"strict-origin-when-cross-origin\" allowfullscreen><\/iframe><\/p>\n<p>Eindr\u00fccke vom Stocktraining in Sprockh\u00f6vel 2014<\/p>\n<p><iframe loading=\"lazy\" title=\"Stocktraining   Aikidojo Bochum\" width=\"500\" height=\"281\" src=\"https:\/\/www.youtube.com\/embed\/nYpqcFjnrXc?feature=oembed\" frameborder=\"0\" allow=\"accelerometer; autoplay; clipboard-write; encrypted-media; gyroscope; picture-in-picture; web-share\" referrerpolicy=\"strict-origin-when-cross-origin\" allowfullscreen><\/iframe><\/p>\n<p>Eindr\u00fccke vom Workshop\u00a0<span class=\"Apple-style-span\">&#8222;SUMI-E \u2013\u00a0AIKIDO \u2013\u00a0ZEN&#8220; im Juni 2014 in unserem Dojo:<\/span><\/p>\n<p><iframe loading=\"lazy\" title=\"Sumi-e Aikido Zen 2014\" width=\"500\" height=\"281\" src=\"https:\/\/www.youtube.com\/embed\/-eUuZS3BVBg?feature=oembed\" frameborder=\"0\" allow=\"accelerometer; autoplay; clipboard-write; encrypted-media; gyroscope; picture-in-picture; web-share\" referrerpolicy=\"strict-origin-when-cross-origin\" allowfullscreen><\/iframe><\/p>\n<p>Die Entstehung des Sumi-e-Blldes in unserem Dojo beim Workshop &#8222;SUMI-E \u2013\u00a0AIKIDO \u2013\u00a0ZEN&#8220; im Juni 2014:<\/p>\n<p><iframe loading=\"lazy\" title=\"Sumi-e-Bild\" width=\"500\" height=\"281\" src=\"https:\/\/www.youtube.com\/embed\/X6eLVFABi_8?feature=oembed\" frameborder=\"0\" allow=\"accelerometer; autoplay; clipboard-write; encrypted-media; gyroscope; picture-in-picture; web-share\" referrerpolicy=\"strict-origin-when-cross-origin\" allowfullscreen><\/iframe><\/p>\n<p>Eindr\u00fccke aus den Unterrichtseinheiten des 3. Kaizen Aikido Netzwerk-Austauschtreffens am 22. M\u00e4rz 2014 im Aikido Netzwerk D\u00fcsseldorf. Beteiligt war auch unser Trainer Georg Schrott.<\/p>\n<p><iframe loading=\"lazy\" title=\"Kaizen Austauschtreffen Ma\u0308rz 2014\" width=\"500\" height=\"281\" src=\"https:\/\/www.youtube.com\/embed\/E_etwB1dt80?feature=oembed\" frameborder=\"0\" allow=\"accelerometer; autoplay; clipboard-write; encrypted-media; gyroscope; picture-in-picture; web-share\" referrerpolicy=\"strict-origin-when-cross-origin\" allowfullscreen><\/iframe><\/p>\n<p>Von Tada-Sensei kommentierte Jo-Kata (ab 1:08):<\/p>\n<p>https:\/\/www.youtube.com\/watch?feature=player_embedded&#038;v=G3eEn9ICXzs<\/p>\n<p>Lehrgang mit Miles Kessler Mai 2013:<\/p>\n<p><iframe loading=\"lazy\" title=\"Integral Aikido Principles - with Miles Kessler Sensei\" width=\"500\" height=\"281\" src=\"https:\/\/www.youtube.com\/embed\/C195l192ZeA?feature=oembed\" frameborder=\"0\" allow=\"accelerometer; autoplay; clipboard-write; encrypted-media; gyroscope; picture-in-picture; web-share\" referrerpolicy=\"strict-origin-when-cross-origin\" allowfullscreen><\/iframe><\/p>\n<p>Eindr\u00fccke von einem Jiyu-waza-Training, September 2011:<\/p>\n<p><iframe loading=\"lazy\" title=\"Aikido Jiyu-waza-Training\" width=\"500\" height=\"281\" src=\"https:\/\/www.youtube.com\/embed\/iTeQ7EYd_NM?feature=oembed\" frameborder=\"0\" allow=\"accelerometer; autoplay; clipboard-write; encrypted-media; gyroscope; picture-in-picture; web-share\" referrerpolicy=\"strict-origin-when-cross-origin\" allowfullscreen><\/iframe><\/p>\n<p>Kangeiko &#8211; Aikido-Wintertraining im Kloster Damme am 5. bis 7. Januar 2012:<\/p>\n<p><iframe loading=\"lazy\" title=\"Aikido Kangeiko 2012 im Benediktinerkloster Damme\" width=\"500\" height=\"281\" src=\"https:\/\/www.youtube.com\/embed\/he8btcFQzj0?feature=oembed\" frameborder=\"0\" allow=\"accelerometer; autoplay; clipboard-write; encrypted-media; gyroscope; picture-in-picture; web-share\" referrerpolicy=\"strict-origin-when-cross-origin\" allowfullscreen><\/iframe><\/p>\n<p><span style=\"line-height: 1.714285714; font-size: 1rem;\">Yoji Fujimoto Sensei, gestorben 20.2.2012<\/span><\/p>\n<p><iframe loading=\"lazy\" title=\"Aikido Fujimoto Sensei 8 dan, \u0430\u0439\u043a\u0438\u0434\u043e \u0421\u041f\u0431\" width=\"500\" height=\"281\" src=\"https:\/\/www.youtube.com\/embed\/SC0BJc5xh2I?feature=oembed\" frameborder=\"0\" allow=\"accelerometer; autoplay; clipboard-write; encrypted-media; gyroscope; picture-in-picture; web-share\" referrerpolicy=\"strict-origin-when-cross-origin\" allowfullscreen><\/iframe><\/p>\n","protected":false},"excerpt":{"rendered":"<p>KANGEIKO \u2013 Aikido-Wintertraining 2015 im Kloster Damme Eindr\u00fccke vom Stocktraining in Sprockh\u00f6vel 2014 Eindr\u00fccke vom Workshop\u00a0&#8222;SUMI-E \u2013\u00a0AIKIDO \u2013\u00a0ZEN&#8220; im Juni 2014 in unserem Dojo: Die Entstehung des Sumi-e-Blldes in unserem Dojo beim Workshop &#8222;SUMI-E \u2013\u00a0AIKIDO \u2013\u00a0ZEN&#8220; im Juni 2014: Eindr\u00fccke aus den Unterrichtseinheiten des 3. Kaizen Aikido Netzwerk-Austauschtreffens am 22. M\u00e4rz 2014 im Aikido Netzwerk [&hellip;]<\/p>\n","protected":false},"author":9,"featured_media":0,"parent":0,"menu_order":70,"comment_status":"closed","ping_status":"closed","template":"","meta":{"footnotes":""},"class_list":["post-1729","page","type-page","status-publish","hentry"],"_links":{"self":[{"href":"https:\/\/www.aikido-bochum.de\/index.php?rest_route=\/wp\/v2\/pages\/1729","targetHints":{"allow":["GET"]}}],"collection":[{"href":"https:\/\/www.aikido-bochum.de\/index.php?rest_route=\/wp\/v2\/pages"}],"about":[{"href":"https:\/\/www.aikido-bochum.de\/index.php?rest_route=\/wp\/v2\/types\/page"}],"author":[{"embeddable":true,"href":"https:\/\/www.aikido-bochum.de\/index.php?rest_route=\/wp\/v2\/users\/9"}],"replies":[{"embeddable":true,"href":"https:\/\/www.aikido-bochum.de\/index.php?rest_route=%2Fwp%2Fv2%2Fcomments&post=1729"}],"version-history":[{"count":28,"href":"https:\/\/www.aikido-bochum.de\/index.php?rest_route=\/wp\/v2\/pages\/1729\/revisions"}],"predecessor-version":[{"id":4199,"href":"https:\/\/www.aikido-bochum.de\/index.php?rest_route=\/wp\/v2\/pages\/1729\/revisions\/4199"}],"wp:attachment":[{"href":"https:\/\/www.aikido-bochum.de\/index.php?rest_route=%2Fwp%2Fv2%2Fmedia&parent=1729"}],"curies":[{"name":"wp","href":"https:\/\/api.w.org\/{rel}","templated":true}]}}