{"id":1875,"date":"2013-01-15T21:14:48","date_gmt":"2013-01-15T20:14:48","guid":{"rendered":"http:\/\/www.aikido-bochum.de\/?page_id=1875"},"modified":"2020-08-28T15:53:50","modified_gmt":"2020-08-28T13:53:50","slug":"das-training","status":"publish","type":"page","link":"https:\/\/www.aikido-bochum.de\/?page_id=1875","title":{"rendered":"Das Training"},"content":{"rendered":"<p>Bei allen vorbereitenden Atem- und Dehnungs\u00fcbungen, Entspannungs- und Massagetechniken werden die F\u00e4higkeiten des K\u00f6rpers, Schnelligkeit, Geschmeidigkeit und Kraft harmonisch weiterentwickelt.<\/p>\n<p>Wichtiger als Kraft und Ausdauer ist dabei die gleichm\u00e4\u00dfig flie\u00dfende Energie (im Japanischen Ki, im Chinesischen Ch&#8217;i genannt), die zum zweckm\u00e4\u00dfigen Handeln notwendig ist.<\/p>\n<p>Am Anfang ist das Training eine Suche nach dem Erhalt des statischen und dynamischen Gleichgewichtes. Aikido f\u00f6rdert das genaue Hinsehen. Die Sch\u00fcler wiederholen die vom Lehrer gezeigten \u00dcbungen. Oft sind es kleine Details, die \u00fcber die Wirksamkeit einer Technik entscheiden.<\/p>\n<p>Da sich die Bewegungen des Aikido aus traditionellen japanischen Samuraitechniken ableiten, gibt es regelm\u00e4\u00dfiges Training mit dem Bokken (Holzschwert), Jo (Stock) und dem Tanto (Messer).<\/p>\n<p>Der Sinn der \u00dcbungen liegt nicht alleine im Erlernen der Aikido-Techniken, sondern auch darin, sich seiner \u00c4ngste, Abneigungen und Abwehrreflexe, seiner Vorurteile und Unbeweglichkeiten bewusst zu werden und sie zu ver\u00e4ndern.<\/p>\n<p>Aikido l\u00e4sst sich nicht mit Worten erkl\u00e4ren, kommen Sie zu einem kostenlosen Probetraining. Jeder ist willkommen, ein Einstieg ist jederzeit m\u00f6glich! Bitte mailen Sie uns wegen des n\u00e4chsten Termines an.<\/p>\n<hr \/>\n<p style=\"text-align: justify;\"><strong><strong><img loading=\"lazy\" decoding=\"async\" class=\"alignleft size-thumbnail wp-image-2078\" title=\"Herausforderung\" src=\"https:\/\/www.aikido-bochum.de\/wp-content\/uploads\/2012\/04\/Herausforderung-150x150.jpg\" alt=\"\" width=\"150\" height=\"150\" \/>&#8222;Eine der f\u00fcr mich interessanten Herausforderungen im Aikido: trotz der k\u00f6rperlichen Anstrengungen meine Konzentration aufrechtzuerhalten.&#8220;<\/strong><\/strong><\/p>\n<hr \/>\n<h2>Schnuppertraining<\/h2>\n<p>Sie sind jederzeit gerne zu einem kostenlosen Schnuppertraining w\u00e4hrend der Basistrainingszeiten eingeladen!<\/p>\n<p>Der Einstieg f\u00e4llt Anf\u00e4ngern nach unserer Erfahrung besonders leicht, wenn sie in einer gemischten Gruppe \u00fcben. In den Basistrainingszeiten werden die grundlegenden Techniken (Rollen, Fallen, Schritte, W\u00fcrfe, Griffe &#8230;) immer so ge\u00fcbt, dass Anf\u00e4nger sie nachvollziehen k\u00f6nnen. Au\u00dferdem sind Aufw\u00e4rmgymnastik und Dehnungs\u00fcbungen am Beginn des Trainings besonders auf die weniger Trainierten abgestimmt.<\/p>\n<p>Sie werden sehen, dass Sie schnell in die Trainingsgruppe aufgenommen werden und erste Fortschritte beobachten k\u00f6nnen.<\/p>\n<h2>Aikido f\u00fcr Kinder und Jugendliche<\/h2>\n<p>Im Training wird besonders darauf geachtet, sowohl die allgemeinen motorischen F\u00e4higkeiten durch verschiedene Spiele und \u00dcbungen als auch die F\u00e4higkeit zur Konzentration zu entwickeln. Den Kindern werden auf spielerische Art die f\u00fcr das Aikido typischen Bewegungen und Techniken vermittelt. Das Aikidotraining unterst\u00fctzt die psychomotorische Entwicklung des Kindes und gibt ihm die Gelegenheit, etwas \u00fcber die ostasiatische Kultur, in diesem Fall die japanische, zu erfahren.<\/p>\n<p>Das Training f\u00f6rdert bei den Kindern Disziplin und Selbstbeherrschung, aber auch die Lust an Bewegung, Gestaltung und Spiel. Beim Training f\u00fcr Jugendliche spielt die Leistungsf\u00f6rderung eine gr\u00f6\u00dfere Rolle, so dass auch der sportliche Ehrgeiz von Jugendlichen angesprochen wird.<\/p>\n<hr \/>\n<h2><\/h2>\n<p style=\"text-align: justify;\"><b> <b><img loading=\"lazy\" decoding=\"async\" class=\"alignright\" src=\"https:\/\/www.aikido-bochum.de\/wp-content\/uploads\/2013\/01\/I-Situation-150x150.jpg\" alt=\"I Situation\" width=\"150\" height=\"150\" \/><\/b><\/b><b><b>&#8222;Jede Situation ist anders, jede Reaktion flexibel, nur der Augenblick z\u00e4hlt.&#8220;<\/b><br \/>\n<b><br \/>\n<\/b><\/b><\/p>\n<div><span class=\"Apple-style-span\" style=\"line-height: 24px;\"><b>\u00a0<\/b><\/span><\/div>\n","protected":false},"excerpt":{"rendered":"<p>Bei allen vorbereitenden Atem- und Dehnungs\u00fcbungen, Entspannungs- und Massagetechniken werden die F\u00e4higkeiten des K\u00f6rpers, Schnelligkeit, Geschmeidigkeit und Kraft harmonisch weiterentwickelt. Wichtiger als Kraft und Ausdauer ist dabei die gleichm\u00e4\u00dfig flie\u00dfende Energie (im Japanischen Ki, im Chinesischen Ch&#8217;i genannt), die zum zweckm\u00e4\u00dfigen Handeln notwendig ist. Am Anfang ist das Training eine Suche nach dem Erhalt des [&hellip;]<\/p>\n","protected":false},"author":2,"featured_media":0,"parent":9,"menu_order":1,"comment_status":"closed","ping_status":"closed","template":"","meta":{"footnotes":""},"class_list":["post-1875","page","type-page","status-publish","hentry"],"_links":{"self":[{"href":"https:\/\/www.aikido-bochum.de\/index.php?rest_route=\/wp\/v2\/pages\/1875","targetHints":{"allow":["GET"]}}],"collection":[{"href":"https:\/\/www.aikido-bochum.de\/index.php?rest_route=\/wp\/v2\/pages"}],"about":[{"href":"https:\/\/www.aikido-bochum.de\/index.php?rest_route=\/wp\/v2\/types\/page"}],"author":[{"embeddable":true,"href":"https:\/\/www.aikido-bochum.de\/index.php?rest_route=\/wp\/v2\/users\/2"}],"replies":[{"embeddable":true,"href":"https:\/\/www.aikido-bochum.de\/index.php?rest_route=%2Fwp%2Fv2%2Fcomments&post=1875"}],"version-history":[{"count":19,"href":"https:\/\/www.aikido-bochum.de\/index.php?rest_route=\/wp\/v2\/pages\/1875\/revisions"}],"predecessor-version":[{"id":4796,"href":"https:\/\/www.aikido-bochum.de\/index.php?rest_route=\/wp\/v2\/pages\/1875\/revisions\/4796"}],"up":[{"embeddable":true,"href":"https:\/\/www.aikido-bochum.de\/index.php?rest_route=\/wp\/v2\/pages\/9"}],"wp:attachment":[{"href":"https:\/\/www.aikido-bochum.de\/index.php?rest_route=%2Fwp%2Fv2%2Fmedia&parent=1875"}],"curies":[{"name":"wp","href":"https:\/\/api.w.org\/{rel}","templated":true}]}}