{"id":1879,"date":"2012-04-06T09:46:06","date_gmt":"2012-04-06T07:46:06","guid":{"rendered":"http:\/\/www.aikido-bochum.de\/?page_id=1879"},"modified":"2013-02-02T18:05:23","modified_gmt":"2013-02-02T17:05:23","slug":"korper-und-waffentechniken","status":"publish","type":"page","link":"https:\/\/www.aikido-bochum.de\/?page_id=1879","title":{"rendered":"K\u00f6rper- und Waffentechniken"},"content":{"rendered":"<p>Das ritualisierte Training mit Waffen ist ein Beispiel daf\u00fcr, dass es im Aikido nicht allein um die F\u00e4higkeit zur Verteidigung gegen Angriffe \u201eauf der Stra\u00dfe\u201c geht. \u00c4hnlich wie im Kyudo (dem japanischen Bogenschie\u00dfen) oder im Iaido (der Kunst des Schwertziehens) dient das Waffentraining in besonderem Ma\u00dfe der mentalen Schulung. Nach l\u00e4ngerem \u00dcben einer \u00fcberschaubaren Menge von Grundformen stellt man \u00fcberrascht fest: Sch\u00e4rfe und Sanftheit, Entschlossenheit und Gelassenheit lassen sich zu einer Einheit verschmelzen.<\/p>\n<p>Grundbegriffe des Aiki-Ken (Schwert-Techniken):\u00a0<a href=\"https:\/\/www.aikido-bochum.de\/wp-content\/uploads\/2012\/04\/Aiki-ken.pdf\">hier klicken<\/a><\/p>\n<p>Grundbegriffe des Aiki-Jo (Stock-Techniken):\u00a0<a href=\"https:\/\/www.aikido-bochum.de\/wp-content\/uploads\/2007\/06\/Aiki-Jo-Grundbegriffe.pdf\">hier klicken<\/a><\/p>\n<p>Gro\u00dfenteils aus den Stock- und Schwertbewegungen abgeleitet sind die K\u00f6rpertechniken, mit denen sich der Haupt-Anteil des Trainings befasst. Auch hier wird meist ritualisiert ge\u00fcbt: Die Rollen von \u201eAngreifer\u201c und \u201eVerteidiger\u201c sind in der Regel abgesprochen. Die Grundtechniken enden stets damit, dass der Angreifer vom Verteidiger geworfen wird. Wenn beide sich maximal in ihre Rollen einbringen, entstehen daraus Bewegungen von gro\u00dfer Intensit\u00e4t und \u00c4sthetik.<\/p>\n<p>Angriffstechniken werden \u2013 anders als im Waffentraining \u2013 im K\u00f6rpertraining nicht ausdr\u00fccklich ge\u00fcbt: Aikido ist eine reine Verteidigungs-Kampfkunst.<\/p>\n<p>Grundbegriffe des Taijutsu (K\u00f6rper-Techniken): in Vorbereitung<\/p>\n<p style=\"text-align: justify;\"><img loading=\"lazy\" decoding=\"async\" class=\"alignleft size-thumbnail wp-image-2141\" alt=\"B Blick nach innen\" src=\"https:\/\/www.aikido-bochum.de\/wp-content\/uploads\/2012\/04\/B-Blick-nach-innen-150x150.jpg\" width=\"150\" height=\"150\" \/><strong>&#8222;Aikido ist f\u00fcr mich zuerst einmal der Blick nach innen: Wie ist meine Energie, mein Ki-Fluss heute? Was passiert im Kontakt mit der &#8218;gegnerischen&#8216; Energie?&#8220;<\/strong><\/p>\n","protected":false},"excerpt":{"rendered":"<p>Das ritualisierte Training mit Waffen ist ein Beispiel daf\u00fcr, dass es im Aikido nicht allein um die F\u00e4higkeit zur Verteidigung gegen Angriffe \u201eauf der Stra\u00dfe\u201c geht. \u00c4hnlich wie im Kyudo (dem japanischen Bogenschie\u00dfen) oder im Iaido (der Kunst des Schwertziehens) dient das Waffentraining in besonderem Ma\u00dfe der mentalen Schulung. Nach l\u00e4ngerem \u00dcben einer \u00fcberschaubaren Menge [&hellip;]<\/p>\n","protected":false},"author":2,"featured_media":0,"parent":9,"menu_order":2,"comment_status":"closed","ping_status":"closed","template":"","meta":{"footnotes":""},"class_list":["post-1879","page","type-page","status-publish","hentry"],"_links":{"self":[{"href":"https:\/\/www.aikido-bochum.de\/index.php?rest_route=\/wp\/v2\/pages\/1879","targetHints":{"allow":["GET"]}}],"collection":[{"href":"https:\/\/www.aikido-bochum.de\/index.php?rest_route=\/wp\/v2\/pages"}],"about":[{"href":"https:\/\/www.aikido-bochum.de\/index.php?rest_route=\/wp\/v2\/types\/page"}],"author":[{"embeddable":true,"href":"https:\/\/www.aikido-bochum.de\/index.php?rest_route=\/wp\/v2\/users\/2"}],"replies":[{"embeddable":true,"href":"https:\/\/www.aikido-bochum.de\/index.php?rest_route=%2Fwp%2Fv2%2Fcomments&post=1879"}],"version-history":[{"count":7,"href":"https:\/\/www.aikido-bochum.de\/index.php?rest_route=\/wp\/v2\/pages\/1879\/revisions"}],"predecessor-version":[{"id":2389,"href":"https:\/\/www.aikido-bochum.de\/index.php?rest_route=\/wp\/v2\/pages\/1879\/revisions\/2389"}],"up":[{"embeddable":true,"href":"https:\/\/www.aikido-bochum.de\/index.php?rest_route=\/wp\/v2\/pages\/9"}],"wp:attachment":[{"href":"https:\/\/www.aikido-bochum.de\/index.php?rest_route=%2Fwp%2Fv2%2Fmedia&parent=1879"}],"curies":[{"name":"wp","href":"https:\/\/api.w.org\/{rel}","templated":true}]}}