{"id":3027,"date":"2015-02-17T21:31:45","date_gmt":"2015-02-17T20:31:45","guid":{"rendered":"http:\/\/www.aikido-bochum.de\/?page_id=3027"},"modified":"2023-05-24T16:58:30","modified_gmt":"2023-05-24T14:58:30","slug":"lehrer","status":"publish","type":"page","link":"https:\/\/www.aikido-bochum.de\/?page_id=3027","title":{"rendered":"Die Lehrenden"},"content":{"rendered":"<p>\u00a0<\/p>\n<p>\u00a0<\/p>\n<p><a href=\"https:\/\/www.aikido-bochum.de\/wp-content\/uploads\/2015\/02\/Thorsten-31.jpg\"><img loading=\"lazy\" decoding=\"async\" class=\" wp-image-3183 alignleft\" src=\"https:\/\/www.aikido-bochum.de\/wp-content\/uploads\/2015\/02\/Thorsten-31-150x150.jpg\" alt=\"Thorsten 3\" width=\"181\" height=\"181\" \/><\/a><b>Thorsten Markmann<\/b><\/p>\n<p>4. Dan,\u00a0Aikidoka seit\u00a01981<\/p>\n<p style=\"padding-left: 210px;\">Staatlich anerkannter Bewegungslehrer, K\u00f6rperpsychotherapieausbildung bei David Boadella, Energiearbeit mit Michael Barnett, gro\u00dfer Fan von Bonnie Bainbridge-Cohen. Robert Nadeau und Patrick Cassidy geben seit langem immer wieder Impulse f\u00fcrs Aikido.<\/p>\n<p style=\"padding-left: 210px;\">Erwachsenentraining<\/p>\n<p><i><\/i><em>&#8222;In aikido, we must generate light that will pass through doors and walls.&#8220; (O-Sensei)<\/em><\/p>\n<hr \/>\n<p><a href=\"https:\/\/www.aikido-bochum.de\/wp-content\/uploads\/2022\/03\/Heifaa-A.jpg\"><img loading=\"lazy\" decoding=\"async\" class=\"wp-image-4925 alignleft\" src=\"https:\/\/www.aikido-bochum.de\/wp-content\/uploads\/2022\/03\/Heifaa-A.jpg\" alt=\"\" width=\"160\" height=\"216\" srcset=\"https:\/\/www.aikido-bochum.de\/wp-content\/uploads\/2022\/03\/Heifaa-A.jpg 742w, https:\/\/www.aikido-bochum.de\/wp-content\/uploads\/2022\/03\/Heifaa-A-370x500.jpg 370w\" sizes=\"auto, (max-width: 160px) 100vw, 160px\" \/><\/a><strong>Heifaa Salhab<\/strong><\/p>\n<p>1. Dan, Aikidoka seit 2003<\/p>\n<p><em>\u201eIch praktiziere Aikido schon seit \u00fcber 18 Jahren und habe immer noch sehr viel Spa\u00df dabei. Au\u00dfer dem k\u00f6rperlichen Training ist es immer wieder eine Herausforderung und Freude, dem Partner und dabei mir selbst zu begegnen.<\/em><\/p>\n<p><em>Die Kinder unterrichte ich jetzt nach so langer Pause zum zweiten Mal und mir f\u00e4llt auf, wie wunderbar ihre Neugier und Bewegungsfreude sich im Aikido wiederfindet und durch das Training unterst\u00fctzt wird. Ebenso wird die Sozialkompetenz der Kinder weiterentwickelt.\u201c<\/em><\/p>\n<hr \/>\n<p><b><a href=\"https:\/\/www.aikido-bochum.de\/wp-content\/uploads\/2015\/02\/Schorsch1.jpg\"><img loading=\"lazy\" decoding=\"async\" class=\" wp-image-3180 alignleft\" src=\"https:\/\/www.aikido-bochum.de\/wp-content\/uploads\/2015\/02\/Schorsch1-150x150.jpg\" alt=\"Schorsch\" width=\"165\" height=\"165\" \/><\/a><\/b><\/p>\n<p><b>Georg Schrott<\/b><\/p>\n<p>2. Dan (1988),\u00a0Aikidoka seit 1972<\/p>\n<p>Autor des Buches <a href=\"https:\/\/www.bod.de\/buch\/georg-schrott\/ohne-schwert-und-ohne-dogma\/9783734784521.html\">&#8222;Ohne Schwert und ohne Dogma. Innere Lernprozesse auf dem Weg des Aikido&#8220;<\/a><\/p>\n<p>Erwachsenentraining<\/p>\n<p style=\"text-align: justify;\"><i>\u201eSchon immer genie\u00dfe ich die Harmonie und Dynamik der Aikido-Bewegungen; ihre ordnende Wir-kung auf K\u00f6rper und Seele; die Lebendigkeit und Intensit\u00e4t der Begegnung mit den <\/i><i>Partnern.<br \/><\/i><i>Wenn ich Aikido unterrichte, ist es mein Anliegen, die Sch\u00fclerinnen und Sch\u00fcler &#8218;zu sich selbst einzuladen&#8216;.\u201c<\/i><\/p>\n<hr \/>\n<p><b>Motomu Hanada<\/b><\/p>\n<p>1. Kyu,\u00a0Aikidoka seit 2011<\/p>\n<p>Jugendtraining<\/p>\n<p><em>&#8222;Ich trainiere Aikido, seit ich mit 11 Jahren ins Aikidojo Bochum eingetreten bin. Ich finde besonders interessant, Angreifern kontrolliert zu begegnen und sie unverletzt abzuwehren. Es macht mir auch viel Spa\u00df, die Jugendlichen zu trainieren, weil ich dadurch meine eigenen Techniken verbessern kann.<\/em><em>&#8222;<\/em><em>\u00a0 \u00a0 \u00a0 \u00a0 \u00a0 \u00a0 \u00a0 \u00a0 \u00a0 \u00a0 \u00a0 \u00a0<\/em><\/p>\n\n\n<p>&nbsp;<\/p>\n","protected":false},"excerpt":{"rendered":"<p>\u00a0 \u00a0 Thorsten Markmann 4. Dan,\u00a0Aikidoka seit\u00a01981 Staatlich anerkannter Bewegungslehrer, K\u00f6rperpsychotherapieausbildung bei David Boadella, Energiearbeit mit Michael Barnett, gro\u00dfer Fan von Bonnie Bainbridge-Cohen. Robert Nadeau und Patrick Cassidy geben seit langem immer wieder Impulse f\u00fcrs Aikido. Erwachsenentraining &#8222;In aikido, we must generate light that will pass through doors and walls.&#8220; (O-Sensei) Heifaa Salhab 1. Dan, [&hellip;]<\/p>\n","protected":false},"author":9,"featured_media":0,"parent":9,"menu_order":0,"comment_status":"closed","ping_status":"closed","template":"","meta":{"footnotes":""},"class_list":["post-3027","page","type-page","status-publish","hentry"],"_links":{"self":[{"href":"https:\/\/www.aikido-bochum.de\/index.php?rest_route=\/wp\/v2\/pages\/3027","targetHints":{"allow":["GET"]}}],"collection":[{"href":"https:\/\/www.aikido-bochum.de\/index.php?rest_route=\/wp\/v2\/pages"}],"about":[{"href":"https:\/\/www.aikido-bochum.de\/index.php?rest_route=\/wp\/v2\/types\/page"}],"author":[{"embeddable":true,"href":"https:\/\/www.aikido-bochum.de\/index.php?rest_route=\/wp\/v2\/users\/9"}],"replies":[{"embeddable":true,"href":"https:\/\/www.aikido-bochum.de\/index.php?rest_route=%2Fwp%2Fv2%2Fcomments&post=3027"}],"version-history":[{"count":38,"href":"https:\/\/www.aikido-bochum.de\/index.php?rest_route=\/wp\/v2\/pages\/3027\/revisions"}],"predecessor-version":[{"id":5107,"href":"https:\/\/www.aikido-bochum.de\/index.php?rest_route=\/wp\/v2\/pages\/3027\/revisions\/5107"}],"up":[{"embeddable":true,"href":"https:\/\/www.aikido-bochum.de\/index.php?rest_route=\/wp\/v2\/pages\/9"}],"wp:attachment":[{"href":"https:\/\/www.aikido-bochum.de\/index.php?rest_route=%2Fwp%2Fv2%2Fmedia&parent=3027"}],"curies":[{"name":"wp","href":"https:\/\/api.w.org\/{rel}","templated":true}]}}