{"id":3242,"date":"2015-05-31T23:01:05","date_gmt":"2015-05-31T21:01:05","guid":{"rendered":"http:\/\/www.aikido-bochum.de\/?page_id=3242"},"modified":"2017-08-23T13:26:48","modified_gmt":"2017-08-23T11:26:48","slug":"aikido-buch-ohne-schwert-und-ohne-dogma","status":"publish","type":"page","link":"https:\/\/www.aikido-bochum.de\/?page_id=3242","title":{"rendered":"Aikido-Buch: &#8222;Ohne Schwert und ohne Dogma&#8220;"},"content":{"rendered":"<p>Ein Buch \u00fcber Aikido von unserem\u00a0Lehrer Georg Schrott:<\/p>\n<p><a href=\"https:\/\/www.aikido-bochum.de\/wp-content\/uploads\/2015\/05\/Cover.jpg\"><img loading=\"lazy\" decoding=\"async\" class=\" wp-image-3245 alignleft\" src=\"https:\/\/www.aikido-bochum.de\/wp-content\/uploads\/2015\/05\/Cover-334x500.jpg\" alt=\"Cover\" width=\"285\" height=\"427\" srcset=\"https:\/\/www.aikido-bochum.de\/wp-content\/uploads\/2015\/05\/Cover-334x500.jpg 334w, https:\/\/www.aikido-bochum.de\/wp-content\/uploads\/2015\/05\/Cover-684x1024.jpg 684w, https:\/\/www.aikido-bochum.de\/wp-content\/uploads\/2015\/05\/Cover-624x934.jpg 624w, https:\/\/www.aikido-bochum.de\/wp-content\/uploads\/2015\/05\/Cover.jpg 909w\" sizes=\"auto, (max-width: 285px) 100vw, 285px\" \/><\/a>316 Seiten,\u00a0<span class=\"Apple-style-span\">ISBN\u00a0978-3-7347-8452-1<\/span><\/p>\n<p>14,90 \u20ac<\/p>\n<p>Es gibt auch eine\u00a0<a href=\"http:\/\/www.mit-ebooks-lernen.de\/ebooks\/innere-lernprozesse-auf-dem-weg-des-aikido\/?isbn=9783981879209\">eBook-Fassung<\/a>.<\/p>\n<p>Aikid\u014d lernt man ausschlie\u00dflich, indem man es regelm\u00e4\u00dfig und intensiv \u00fcbt. Im Hier und Jetzt verschmelzen dann die Energien der Trainingspartner zu einem flie\u00dfenden, harmonischen Geschehen. Zumindest dem Ideal nach&#8230;<\/p>\n<p>In Wirklichkeit wird die Harmonie oft durch \u201einnere H\u00fcrden\u201c gest\u00f6rt. Die Bed\u00fcrfnisse und \u00c4ngste der Aikid\u014dka k\u00f6nnen sich st\u00e4ndig zu Wort melden. Ob Aggressivit\u00e4t oder Konkurrenzgef\u00fchle, Perfektionismus oder Angst vor Schmerzen \u2013 die Unmittelbarkeit und Klarheit der Begegnung wird durch sie getr\u00fcbt.<\/p>\n<p>Keinem Aikid\u014dka bleibt es erspart, solchen \u201einneren Angreifern\u201c zu begegnen. Der Band \u201eOhne Schwert und ohne Dogma\u201c l\u00e4dt dazu ein, sich ihnen durch Selbstreflexion und Selbsterkenntnis stellen. Er sch\u00e4rft das Bewusstsein f\u00fcr die Ressourcen, die daf\u00fcr zur Verf\u00fcgung stehen. Und er erinnert daran, dass es im Aikid\u014d gar keine Angreifer gibt, sondern nur Partner.<\/p>\n<p><a href=\"https:\/\/www.aikido-bochum.de\/wp-content\/uploads\/2015\/05\/Inhaltsverzeichnis.pdf\">Hier<\/a>\u00a0geht&#8217;s zum Inhaltsverzeichnis.<\/p>\n<p>Buchbesprechungen findet man <a href=\"http:\/\/www.aikido-eiderstedt.org\/Aikido.html\">hier<\/a>,\u00a0<a href=\"https:\/\/www.amazon.de\/Innere-Lernprozesse-auf-dem-Aikido-ebook\/dp\/B071FGKZL2\/ref=sr_1_1?ie=UTF8&amp;qid=1502377201&amp;sr=8-1&amp;keywords=schrott+schwert+dogma\">hier<\/a> und <a href=\"https:\/\/www.thalia.de\/shop\/home\/suchartikel\/ID66575857.html?sq=schrott%20schwert%20dogma\">hier<\/a>.<\/p>\n<p>&nbsp;<\/p>\n<p><img loading=\"lazy\" decoding=\"async\" class=\" wp-image-3248 alignnone\" style=\"border-top-left-radius: 3px; border-top-right-radius: 3px; border-bottom-right-radius: 3px; border-bottom-left-radius: 3px; box-shadow: rgba(0, 0, 0, 0.199219) 0px 1px 4px; max-width: 100%; float: right; display: inline; height: auto; outline-width: 1px; outline-style: solid; outline-color: #777777; resize: none; margin: 0.857142857rem 0px 0.857142857rem 1.714285714rem; border: 0px initial initial;\" src=\"https:\/\/www.aikido-bochum.de\/wp-content\/uploads\/2015\/05\/Fushi-150x150.jpg\" alt=\"Fushi\" width=\"131\" height=\"131\" \/><\/p>\n<hr \/>\n<p>&nbsp;<\/p>\n<p><strong>Dein \u00e4u\u00dferer Feind wird erst dadurch zum Feind, dass du deinen eigenen &#8222;inneren Feind&#8220; auf ihn projizierst.<\/strong><\/p>\n<p>&nbsp;<\/p>\n<hr \/>\n<p>&nbsp;<\/p>\n<p>&nbsp;<\/p>\n<p>&nbsp;<\/p>\n<p>&nbsp;<\/p>\n<p>&nbsp;<\/p>\n","protected":false},"excerpt":{"rendered":"<p>Ein Buch \u00fcber Aikido von unserem\u00a0Lehrer Georg Schrott: 316 Seiten,\u00a0ISBN\u00a0978-3-7347-8452-1 14,90 \u20ac Es gibt auch eine\u00a0eBook-Fassung. Aikid\u014d lernt man ausschlie\u00dflich, indem man es regelm\u00e4\u00dfig und intensiv \u00fcbt. Im Hier und Jetzt verschmelzen dann die Energien der Trainingspartner zu einem flie\u00dfenden, harmonischen Geschehen. Zumindest dem Ideal nach&#8230; In Wirklichkeit wird die Harmonie oft durch \u201einnere H\u00fcrden\u201c [&hellip;]<\/p>\n","protected":false},"author":9,"featured_media":0,"parent":9,"menu_order":3,"comment_status":"closed","ping_status":"closed","template":"","meta":{"footnotes":""},"class_list":["post-3242","page","type-page","status-publish","hentry"],"_links":{"self":[{"href":"https:\/\/www.aikido-bochum.de\/index.php?rest_route=\/wp\/v2\/pages\/3242","targetHints":{"allow":["GET"]}}],"collection":[{"href":"https:\/\/www.aikido-bochum.de\/index.php?rest_route=\/wp\/v2\/pages"}],"about":[{"href":"https:\/\/www.aikido-bochum.de\/index.php?rest_route=\/wp\/v2\/types\/page"}],"author":[{"embeddable":true,"href":"https:\/\/www.aikido-bochum.de\/index.php?rest_route=\/wp\/v2\/users\/9"}],"replies":[{"embeddable":true,"href":"https:\/\/www.aikido-bochum.de\/index.php?rest_route=%2Fwp%2Fv2%2Fcomments&post=3242"}],"version-history":[{"count":18,"href":"https:\/\/www.aikido-bochum.de\/index.php?rest_route=\/wp\/v2\/pages\/3242\/revisions"}],"predecessor-version":[{"id":4023,"href":"https:\/\/www.aikido-bochum.de\/index.php?rest_route=\/wp\/v2\/pages\/3242\/revisions\/4023"}],"up":[{"embeddable":true,"href":"https:\/\/www.aikido-bochum.de\/index.php?rest_route=\/wp\/v2\/pages\/9"}],"wp:attachment":[{"href":"https:\/\/www.aikido-bochum.de\/index.php?rest_route=%2Fwp%2Fv2%2Fmedia&parent=3242"}],"curies":[{"name":"wp","href":"https:\/\/api.w.org\/{rel}","templated":true}]}}